{"id":2269,"date":"2026-01-22T08:39:42","date_gmt":"2026-01-22T08:39:42","guid":{"rendered":"http:\/\/www.zirvematbaa.com\/?page_id=2269"},"modified":"2026-03-11T00:23:59","modified_gmt":"2026-03-11T00:23:59","slug":"makine-parkuru","status":"publish","type":"page","link":"https:\/\/www.zirvematbaa.com\/en\/makine-parkuru\/","title":{"rendered":"Machine Park"},"content":{"rendered":"<div data-elementor-type=\"wp-page\" data-elementor-id=\"2269\" class=\"elementor elementor-2269\">\n\t\t\t\t\t\t<section class=\"elementor-section elementor-top-section elementor-element elementor-element-7c59720 elementor-section-boxed elementor-section-height-default elementor-section-height-default\" data-id=\"7c59720\" data-element_type=\"section\" data-e-type=\"section\" data-settings=\"{&quot;background_background&quot;:&quot;classic&quot;,&quot;wdt_bg_image&quot;:{&quot;url&quot;:&quot;&quot;,&quot;id&quot;:&quot;&quot;,&quot;size&quot;:&quot;&quot;},&quot;wdt_bg_image_laptop&quot;:{&quot;url&quot;:&quot;&quot;,&quot;id&quot;:&quot;&quot;,&quot;size&quot;:&quot;&quot;},&quot;wdt_bg_image_tablet_extra&quot;:{&quot;url&quot;:&quot;&quot;,&quot;id&quot;:&quot;&quot;,&quot;size&quot;:&quot;&quot;},&quot;wdt_bg_image_tablet&quot;:{&quot;url&quot;:&quot;&quot;,&quot;id&quot;:&quot;&quot;,&quot;size&quot;:&quot;&quot;},&quot;wdt_bg_image_mobile_extra&quot;:{&quot;url&quot;:&quot;&quot;,&quot;id&quot;:&quot;&quot;,&quot;size&quot;:&quot;&quot;},&quot;wdt_bg_image_mobile&quot;:{&quot;url&quot;:&quot;&quot;,&quot;id&quot;:&quot;&quot;,&quot;size&quot;:&quot;&quot;},&quot;wdt_bg_position&quot;:&quot;center center&quot;,&quot;wdt_animation_effect&quot;:&quot;none&quot;}\">\n\t\t\t\t\t\t<div class=\"elementor-container elementor-column-gap-no\">\n\t\t\t\t\t<div class=\"elementor-column elementor-col-100 elementor-top-column elementor-element elementor-element-f32c045\" data-id=\"f32c045\" data-element_type=\"column\" data-e-type=\"column\">\n\t\t\t<div class=\"elementor-widget-wrap elementor-element-populated\">\n\t\t\t\t<div class=\"elementor-element elementor-element-57d1b9d e-grid e-con-boxed e-con e-parent\" data-id=\"57d1b9d\" data-element_type=\"container\" data-e-type=\"container\">\n\t\t\t\t\t<div class=\"e-con-inner\">\n\t\t\t\t<div class=\"elementor-element elementor-element-c42bfe4 elementor-position-top elementor-widget elementor-widget-image-box\" data-id=\"c42bfe4\" data-element_type=\"widget\" data-e-type=\"widget\" data-settings=\"{&quot;wdt_animation_effect&quot;:&quot;none&quot;}\" data-widget_type=\"image-box.default\">\n\t\t\t\t\t<div class=\"elementor-image-box-wrapper\"><figure class=\"elementor-image-box-img\"><img fetchpriority=\"high\" decoding=\"async\" width=\"674\" height=\"674\" src=\"https:\/\/www.zirvematbaa.com\/wp-content\/uploads\/2026\/01\/komori-640.jpg\" class=\"attachment-full size-full wp-image-2313\" alt=\"\" srcset=\"https:\/\/www.zirvematbaa.com\/wp-content\/uploads\/2026\/01\/komori-640.jpg 674w, https:\/\/www.zirvematbaa.com\/wp-content\/uploads\/2026\/01\/komori-640-300x300.jpg 300w, https:\/\/www.zirvematbaa.com\/wp-content\/uploads\/2026\/01\/komori-640-150x150.jpg 150w, https:\/\/www.zirvematbaa.com\/wp-content\/uploads\/2026\/01\/komori-640-12x12.jpg 12w\" sizes=\"(max-width: 674px) 100vw, 674px\" \/><\/figure><div class=\"elementor-image-box-content\"><h3 class=\"elementor-image-box-title\">KOMORI G40<\/h3><p class=\"elementor-image-box-description\">The Komori G40 offset printing press delivers superior performance in large-format jobs with high print quality and color consistency. Its design, suitable for mass production, provides fast, clear, and standard-compliant printing solutions.<\/p><\/div><\/div>\t\t\t\t<\/div>\n\t\t\t\t<div class=\"elementor-element elementor-element-485a9dc elementor-position-top elementor-widget elementor-widget-image-box\" data-id=\"485a9dc\" data-element_type=\"widget\" data-e-type=\"widget\" data-settings=\"{&quot;wdt_animation_effect&quot;:&quot;none&quot;}\" data-widget_type=\"image-box.default\">\n\t\t\t\t\t<div class=\"elementor-image-box-wrapper\"><figure class=\"elementor-image-box-img\"><img decoding=\"async\" width=\"674\" height=\"674\" src=\"https:\/\/www.zirvematbaa.com\/wp-content\/uploads\/2026\/01\/KomoriS29.jpg\" class=\"attachment-full size-full wp-image-1885\" alt=\"\" srcset=\"https:\/\/www.zirvematbaa.com\/wp-content\/uploads\/2026\/01\/KomoriS29.jpg 674w, https:\/\/www.zirvematbaa.com\/wp-content\/uploads\/2026\/01\/KomoriS29-300x300.jpg 300w, https:\/\/www.zirvematbaa.com\/wp-content\/uploads\/2026\/01\/KomoriS29-150x150.jpg 150w\" sizes=\"(max-width: 674px) 100vw, 674px\" \/><\/figure><div class=\"elementor-image-box-content\"><h3 class=\"elementor-image-box-title\">KOMORI S29<\/h3><p class=\"elementor-image-box-description\">It offers high-quality offset printing with precise color control and powerful performance. It delivers reliable results and professional printing standards for medium and high-volume jobs.\n\n<\/p><\/div><\/div>\t\t\t\t<\/div>\n\t\t\t\t<div class=\"elementor-element elementor-element-53bb54d elementor-position-top elementor-widget elementor-widget-image-box\" data-id=\"53bb54d\" data-element_type=\"widget\" data-e-type=\"widget\" data-settings=\"{&quot;wdt_animation_effect&quot;:&quot;none&quot;}\" data-widget_type=\"image-box.default\">\n\t\t\t\t\t<div class=\"elementor-image-box-wrapper\"><figure class=\"elementor-image-box-img\"><img decoding=\"async\" width=\"674\" height=\"674\" src=\"https:\/\/www.zirvematbaa.com\/wp-content\/uploads\/2026\/01\/roland200.jpg\" class=\"attachment-full size-full wp-image-1887\" alt=\"\" srcset=\"https:\/\/www.zirvematbaa.com\/wp-content\/uploads\/2026\/01\/roland200.jpg 674w, https:\/\/www.zirvematbaa.com\/wp-content\/uploads\/2026\/01\/roland200-300x300.jpg 300w, https:\/\/www.zirvematbaa.com\/wp-content\/uploads\/2026\/01\/roland200-150x150.jpg 150w\" sizes=\"(max-width: 674px) 100vw, 674px\" \/><\/figure><div class=\"elementor-image-box-content\"><h3 class=\"elementor-image-box-title\">ROLAND 200<\/h3><p class=\"elementor-image-box-description\">The Roland 200 offset printing press delivers high-quality printing with high precision and color consistency. It is an ideal solution for low and medium-volume jobs.\n\n<\/p><\/div><\/div>\t\t\t\t<\/div>\n\t\t\t\t<div class=\"elementor-element elementor-element-ce8e7bc elementor-position-top elementor-widget elementor-widget-image-box\" data-id=\"ce8e7bc\" data-element_type=\"widget\" data-e-type=\"widget\" data-settings=\"{&quot;wdt_animation_effect&quot;:&quot;none&quot;}\" data-widget_type=\"image-box.default\">\n\t\t\t\t\t<div class=\"elementor-image-box-wrapper\"><figure class=\"elementor-image-box-img\"><img loading=\"lazy\" decoding=\"async\" width=\"674\" height=\"674\" src=\"https:\/\/www.zirvematbaa.com\/wp-content\/uploads\/2026\/03\/ZFM800A.jpg\" class=\"attachment-full size-full wp-image-2506\" alt=\"\" srcset=\"https:\/\/www.zirvematbaa.com\/wp-content\/uploads\/2026\/03\/ZFM800A.jpg 674w, https:\/\/www.zirvematbaa.com\/wp-content\/uploads\/2026\/03\/ZFM800A-300x300.jpg 300w, https:\/\/www.zirvematbaa.com\/wp-content\/uploads\/2026\/03\/ZFM800A-150x150.jpg 150w, https:\/\/www.zirvematbaa.com\/wp-content\/uploads\/2026\/03\/ZFM800A-12x12.jpg 12w\" sizes=\"(max-width: 674px) 100vw, 674px\" \/><\/figure><div class=\"elementor-image-box-content\"><h3 class=\"elementor-image-box-title\">ZFM800-A<\/h3><p class=\"elementor-image-box-description\">S\u0131cak b\u0131\u00e7ak teknolojisine sahip selefon makinesi; \u00f6zellikle karton ambalaj, ila\u00e7 kutular\u0131, kozmetik ambalajlar\u0131, takviye g\u0131da kutular\u0131 ve \u00f6zel tasar\u0131m bask\u0131l\u0131 i\u015fler i\u00e7in \u00f6nemli avantajlar sunmaktad\u0131r.\n<\/p><\/div><\/div>\t\t\t\t<\/div>\n\t\t\t\t<div class=\"elementor-element elementor-element-8986983 elementor-position-top elementor-widget elementor-widget-image-box\" data-id=\"8986983\" data-element_type=\"widget\" data-e-type=\"widget\" data-settings=\"{&quot;wdt_animation_effect&quot;:&quot;none&quot;}\" data-widget_type=\"image-box.default\">\n\t\t\t\t\t<div class=\"elementor-image-box-wrapper\"><figure class=\"elementor-image-box-img\"><img loading=\"lazy\" decoding=\"async\" width=\"674\" height=\"674\" src=\"https:\/\/www.zirvematbaa.com\/wp-content\/uploads\/2026\/03\/SANWA.jpg\" class=\"attachment-full size-full wp-image-2508\" alt=\"\" srcset=\"https:\/\/www.zirvematbaa.com\/wp-content\/uploads\/2026\/03\/SANWA.jpg 674w, https:\/\/www.zirvematbaa.com\/wp-content\/uploads\/2026\/03\/SANWA-300x300.jpg 300w, https:\/\/www.zirvematbaa.com\/wp-content\/uploads\/2026\/03\/SANWA-150x150.jpg 150w, https:\/\/www.zirvematbaa.com\/wp-content\/uploads\/2026\/03\/SANWA-12x12.jpg 12w\" sizes=\"(max-width: 674px) 100vw, 674px\" \/><\/figure><div class=\"elementor-image-box-content\"><h3 class=\"elementor-image-box-title\">SANWA TRP 1060-SE<\/h3><p class=\"elementor-image-box-description\">Y\u00fcksek hassasiyet ve stabil performans sunan profesyonel bir \u00f6l\u00e7\u00fcm cihaz\u0131d\u0131r. Sa\u011flam yap\u0131s\u0131 sayesinde end\u00fcstriyel \u00fcretim, kalite kontrol ve teknik \u00f6l\u00e7\u00fcm s\u00fcre\u00e7lerinde rol oynar.<\/p><\/div><\/div>\t\t\t\t<\/div>\n\t\t\t\t<div class=\"elementor-element elementor-element-f780996 elementor-position-top elementor-widget elementor-widget-image-box\" data-id=\"f780996\" data-element_type=\"widget\" data-e-type=\"widget\" data-settings=\"{&quot;wdt_animation_effect&quot;:&quot;none&quot;}\" data-widget_type=\"image-box.default\">\n\t\t\t\t\t<div class=\"elementor-image-box-wrapper\"><figure class=\"elementor-image-box-img\"><img loading=\"lazy\" decoding=\"async\" width=\"674\" height=\"674\" src=\"https:\/\/www.zirvematbaa.com\/wp-content\/uploads\/2026\/03\/ADERAEM.jpg\" class=\"attachment-full size-full wp-image-2509\" alt=\"\" srcset=\"https:\/\/www.zirvematbaa.com\/wp-content\/uploads\/2026\/03\/ADERAEM.jpg 674w, https:\/\/www.zirvematbaa.com\/wp-content\/uploads\/2026\/03\/ADERAEM-300x300.jpg 300w, https:\/\/www.zirvematbaa.com\/wp-content\/uploads\/2026\/03\/ADERAEM-150x150.jpg 150w, https:\/\/www.zirvematbaa.com\/wp-content\/uploads\/2026\/03\/ADERAEM-12x12.jpg 12w\" sizes=\"(max-width: 674px) 100vw, 674px\" \/><\/figure><div class=\"elementor-image-box-content\"><h3 class=\"elementor-image-box-title\">AEM 800Q<\/h3><p class=\"elementor-image-box-description\">Karton ambalaj, kozmetik kutular\u0131, ila\u00e7 ambalajlar\u0131 ve \u00f6zel bask\u0131l\u0131 i\u015fler i\u00e7in verimli bir \u00fcretim \u00e7\u00f6z\u00fcm\u00fc sunar. G\u00fc\u00e7l\u00fc yap\u0131s\u0131 ve stabil \u00e7al\u0131\u015fma sistemi sayesinde seri \u00fcretim sa\u011flar.<\/p><\/div><\/div>\t\t\t\t<\/div>\n\t\t\t\t<div class=\"elementor-element elementor-element-e13ac12 elementor-position-top elementor-widget elementor-widget-image-box\" data-id=\"e13ac12\" data-element_type=\"widget\" data-e-type=\"widget\" data-settings=\"{&quot;wdt_animation_effect&quot;:&quot;none&quot;}\" data-widget_type=\"image-box.default\">\n\t\t\t\t\t<div class=\"elementor-image-box-wrapper\"><figure class=\"elementor-image-box-img\"><img loading=\"lazy\" decoding=\"async\" width=\"674\" height=\"674\" src=\"https:\/\/www.zirvematbaa.com\/wp-content\/uploads\/2026\/01\/Selefon.jpg\" class=\"attachment-full size-full wp-image-1888\" alt=\"\" srcset=\"https:\/\/www.zirvematbaa.com\/wp-content\/uploads\/2026\/01\/Selefon.jpg 674w, https:\/\/www.zirvematbaa.com\/wp-content\/uploads\/2026\/01\/Selefon-300x300.jpg 300w, https:\/\/www.zirvematbaa.com\/wp-content\/uploads\/2026\/01\/Selefon-150x150.jpg 150w\" sizes=\"(max-width: 674px) 100vw, 674px\" \/><\/figure><div class=\"elementor-image-box-content\"><h3 class=\"elementor-image-box-title\">CELLOPHANE<\/h3><p class=\"elementor-image-box-description\">Our laminating machines enhance printed products with durability and aesthetic appeal through matte and glossy laminating applications. They provide surface protection and premium quality.\n\n<\/p><\/div><\/div>\t\t\t\t<\/div>\n\t\t\t\t<div class=\"elementor-element elementor-element-6d171b5 elementor-position-top elementor-widget elementor-widget-image-box\" data-id=\"6d171b5\" data-element_type=\"widget\" data-e-type=\"widget\" data-settings=\"{&quot;wdt_animation_effect&quot;:&quot;none&quot;}\" data-widget_type=\"image-box.default\">\n\t\t\t\t\t<div class=\"elementor-image-box-wrapper\"><figure class=\"elementor-image-box-img\"><img loading=\"lazy\" decoding=\"async\" width=\"674\" height=\"674\" src=\"https:\/\/www.zirvematbaa.com\/wp-content\/uploads\/2026\/01\/mucellit.jpg\" class=\"attachment-full size-full wp-image-1886\" alt=\"\" srcset=\"https:\/\/www.zirvematbaa.com\/wp-content\/uploads\/2026\/01\/mucellit.jpg 674w, https:\/\/www.zirvematbaa.com\/wp-content\/uploads\/2026\/01\/mucellit-300x300.jpg 300w, https:\/\/www.zirvematbaa.com\/wp-content\/uploads\/2026\/01\/mucellit-150x150.jpg 150w\" sizes=\"(max-width: 674px) 100vw, 674px\" \/><\/figure><div class=\"elementor-image-box-content\"><h3 class=\"elementor-image-box-title\">BINDER<\/h3><p class=\"elementor-image-box-description\">On our binding line, post-printing cutting, folding, and binding processes are carried out with precision. This ensures that the products are durable, well-formed, and aesthetically pleasing.\n\n<\/p><\/div><\/div>\t\t\t\t<\/div>\n\t\t\t\t<div class=\"elementor-element elementor-element-0d14f25 elementor-position-top elementor-widget elementor-widget-image-box\" data-id=\"0d14f25\" data-element_type=\"widget\" data-e-type=\"widget\" data-settings=\"{&quot;wdt_animation_effect&quot;:&quot;none&quot;}\" data-widget_type=\"image-box.default\">\n\t\t\t\t\t<div class=\"elementor-image-box-wrapper\"><figure class=\"elementor-image-box-img\"><img loading=\"lazy\" decoding=\"async\" width=\"674\" height=\"674\" src=\"https:\/\/www.zirvematbaa.com\/wp-content\/uploads\/2026\/01\/yapistirma.jpg\" class=\"attachment-full size-full wp-image-1889\" alt=\"\" srcset=\"https:\/\/www.zirvematbaa.com\/wp-content\/uploads\/2026\/01\/yapistirma.jpg 674w, https:\/\/www.zirvematbaa.com\/wp-content\/uploads\/2026\/01\/yapistirma-300x300.jpg 300w, https:\/\/www.zirvematbaa.com\/wp-content\/uploads\/2026\/01\/yapistirma-150x150.jpg 150w\" sizes=\"(max-width: 674px) 100vw, 674px\" \/><\/figure><div class=\"elementor-image-box-content\"><h3 class=\"elementor-image-box-title\">GLUE<\/h3><p class=\"elementor-image-box-description\">Thanks to automatic gluing machines, strong and clean gluing is applied to boxes, envelopes, and special printed products. Speed and standard quality are achieved in mass production.\n\n<\/p><\/div><\/div>\t\t\t\t<\/div>\n\t\t<div class=\"elementor-element elementor-element-004d400 e-con-full e-flex e-con e-child\" data-id=\"004d400\" data-element_type=\"container\" data-e-type=\"container\">\n\t\t\t\t<div class=\"elementor-element elementor-element-ede399c elementor-position-top elementor-widget elementor-widget-image-box\" data-id=\"ede399c\" data-element_type=\"widget\" data-e-type=\"widget\" data-settings=\"{&quot;wdt_animation_effect&quot;:&quot;none&quot;}\" data-widget_type=\"image-box.default\">\n\t\t\t\t\t<div class=\"elementor-image-box-wrapper\"><figure class=\"elementor-image-box-img\"><img loading=\"lazy\" decoding=\"async\" width=\"674\" height=\"674\" src=\"https:\/\/www.zirvematbaa.com\/wp-content\/uploads\/2026\/01\/Gren-1.jpg\" class=\"attachment-full size-full wp-image-2433\" alt=\"\" srcset=\"https:\/\/www.zirvematbaa.com\/wp-content\/uploads\/2026\/01\/Gren-1.jpg 674w, https:\/\/www.zirvematbaa.com\/wp-content\/uploads\/2026\/01\/Gren-1-300x300.jpg 300w, https:\/\/www.zirvematbaa.com\/wp-content\/uploads\/2026\/01\/Gren-1-150x150.jpg 150w, https:\/\/www.zirvematbaa.com\/wp-content\/uploads\/2026\/01\/Gren-1-12x12.jpg 12w\" sizes=\"(max-width: 674px) 100vw, 674px\" \/><\/figure><div class=\"elementor-image-box-content\"><h3 class=\"elementor-image-box-title\">EMBOSSING MACHINES<\/h3><p class=\"elementor-image-box-description\">Embossing machines add texture and depth to the surface of printed products, creating an aesthetic and eye-catching appearance. They create a premium look, especially on cardboard, boxes, and special printing jobs.<\/p><\/div><\/div>\t\t\t\t<\/div>\n\t\t\t\t<\/div>\n\t\t\t\t<div class=\"elementor-element elementor-element-c6cf4df elementor-position-top elementor-widget elementor-widget-image-box\" data-id=\"c6cf4df\" data-element_type=\"widget\" data-e-type=\"widget\" data-settings=\"{&quot;wdt_animation_effect&quot;:&quot;none&quot;}\" data-widget_type=\"image-box.default\">\n\t\t\t\t\t<div class=\"elementor-image-box-wrapper\"><figure class=\"elementor-image-box-img\"><img loading=\"lazy\" decoding=\"async\" width=\"674\" height=\"674\" src=\"https:\/\/www.zirvematbaa.com\/wp-content\/uploads\/2026\/01\/Varak-1.jpg\" class=\"attachment-full size-full wp-image-2432\" alt=\"\" srcset=\"https:\/\/www.zirvematbaa.com\/wp-content\/uploads\/2026\/01\/Varak-1.jpg 674w, https:\/\/www.zirvematbaa.com\/wp-content\/uploads\/2026\/01\/Varak-1-300x300.jpg 300w, https:\/\/www.zirvematbaa.com\/wp-content\/uploads\/2026\/01\/Varak-1-150x150.jpg 150w, https:\/\/www.zirvematbaa.com\/wp-content\/uploads\/2026\/01\/Varak-1-12x12.jpg 12w\" sizes=\"(max-width: 674px) 100vw, 674px\" \/><\/figure><div class=\"elementor-image-box-content\"><h3 class=\"elementor-image-box-title\">FOIL STAMPING MACHINE<\/h3><p class=\"elementor-image-box-description\">The foil stamping machine applies gold, silver, and special metallic foil to printed products, giving them an eye-catching and prestigious look. It provides high quality and elegance, especially in invitation, catalog, business card, and packaging projects.<\/p><\/div><\/div>\t\t\t\t<\/div>\n\t\t\t\t<div class=\"elementor-element elementor-element-06b1558 elementor-position-top elementor-widget elementor-widget-image-box\" data-id=\"06b1558\" data-element_type=\"widget\" data-e-type=\"widget\" data-settings=\"{&quot;wdt_animation_effect&quot;:&quot;none&quot;}\" data-widget_type=\"image-box.default\">\n\t\t\t\t\t<div class=\"elementor-image-box-wrapper\"><figure class=\"elementor-image-box-img\"><img loading=\"lazy\" decoding=\"async\" width=\"674\" height=\"674\" src=\"https:\/\/www.zirvematbaa.com\/wp-content\/uploads\/2026\/01\/Lak-1.jpg\" class=\"attachment-full size-full wp-image-2434\" alt=\"\" srcset=\"https:\/\/www.zirvematbaa.com\/wp-content\/uploads\/2026\/01\/Lak-1.jpg 674w, https:\/\/www.zirvematbaa.com\/wp-content\/uploads\/2026\/01\/Lak-1-300x300.jpg 300w, https:\/\/www.zirvematbaa.com\/wp-content\/uploads\/2026\/01\/Lak-1-150x150.jpg 150w, https:\/\/www.zirvematbaa.com\/wp-content\/uploads\/2026\/01\/Lak-1-12x12.jpg 12w\" sizes=\"(max-width: 674px) 100vw, 674px\" \/><\/figure><div class=\"elementor-image-box-content\"><h3 class=\"elementor-image-box-title\">LACQUER MACHINE<\/h3><p class=\"elementor-image-box-description\">A lacquer machine provides gloss and visual emphasis by applying lacquer to specific areas or the entire surface of printed products. It adds depth to prints while offering an aesthetic and high-quality appearance.<\/p><\/div><\/div>\t\t\t\t<\/div>\n\t\t\t\t\t<\/div>\n\t\t\t\t<\/div>\n\t\t\t\t\t<\/div>\n\t\t<\/div>\n\t\t\t\t\t<\/div>\n\t\t<\/section>\n\t\t\t\t<\/div>","protected":false},"excerpt":{"rendered":"<p>KOMORI G40 Komori G40 ofset bask\u0131 makinas\u0131, y\u00fcksek bask\u0131 kalitesi ve renk tutarl\u0131l\u0131\u011f\u0131 ile b\u00fcy\u00fck ebatl\u0131 i\u015flerde \u00fcst\u00fcn performans sunar. Seri \u00fcretime uygun yap\u0131s\u0131 sayesinde h\u0131zl\u0131, net ve standartlara uygun bask\u0131 \u00e7\u00f6z\u00fcmleri sa\u011flar. KOMORI S29 Hassas renk kontrol\u00fc ve g\u00fc\u00e7l\u00fc performans\u0131yla kaliteli ofset bask\u0131 sunar. Orta ve y\u00fcksek tirajl\u0131 i\u015flerde g\u00fcvenilir sonu\u00e7lar ve profesyonel bask\u0131 [&hellip;]<\/p>","protected":false},"author":1,"featured_media":0,"parent":0,"menu_order":0,"comment_status":"closed","ping_status":"closed","template":"elementor_header_footer","meta":{"footnotes":""},"class_list":["post-2269","page","type-page","status-publish","hentry"],"_links":{"self":[{"href":"https:\/\/www.zirvematbaa.com\/en\/wp-json\/wp\/v2\/pages\/2269","targetHints":{"allow":["GET"]}}],"collection":[{"href":"https:\/\/www.zirvematbaa.com\/en\/wp-json\/wp\/v2\/pages"}],"about":[{"href":"https:\/\/www.zirvematbaa.com\/en\/wp-json\/wp\/v2\/types\/page"}],"author":[{"embeddable":true,"href":"https:\/\/www.zirvematbaa.com\/en\/wp-json\/wp\/v2\/users\/1"}],"replies":[{"embeddable":true,"href":"https:\/\/www.zirvematbaa.com\/en\/wp-json\/wp\/v2\/comments?post=2269"}],"version-history":[{"count":34,"href":"https:\/\/www.zirvematbaa.com\/en\/wp-json\/wp\/v2\/pages\/2269\/revisions"}],"predecessor-version":[{"id":2512,"href":"https:\/\/www.zirvematbaa.com\/en\/wp-json\/wp\/v2\/pages\/2269\/revisions\/2512"}],"wp:attachment":[{"href":"https:\/\/www.zirvematbaa.com\/en\/wp-json\/wp\/v2\/media?parent=2269"}],"curies":[{"name":"wp","href":"https:\/\/api.w.org\/{rel}","templated":true}]}}