{"id":510,"date":"2023-08-08T13:35:24","date_gmt":"2023-08-08T13:35:24","guid":{"rendered":"http:\/\/www.zirve2.raffagency.com\/?page_id=510"},"modified":"2026-01-22T08:12:40","modified_gmt":"2026-01-22T08:12:40","slug":"hizmetlerimiz","status":"publish","type":"page","link":"https:\/\/www.zirvematbaa.com\/en\/hizmetlerimiz\/","title":{"rendered":"Services"},"content":{"rendered":"<div data-elementor-type=\"wp-page\" data-elementor-id=\"510\" class=\"elementor elementor-510\">\n\t\t\t\t\t\t<section class=\"elementor-section elementor-top-section elementor-element elementor-element-7c59720 elementor-section-boxed elementor-section-height-default elementor-section-height-default\" data-id=\"7c59720\" data-element_type=\"section\" data-e-type=\"section\" data-settings=\"{&quot;background_background&quot;:&quot;classic&quot;,&quot;wdt_bg_image&quot;:{&quot;url&quot;:&quot;&quot;,&quot;id&quot;:&quot;&quot;,&quot;size&quot;:&quot;&quot;},&quot;wdt_bg_image_laptop&quot;:{&quot;url&quot;:&quot;&quot;,&quot;id&quot;:&quot;&quot;,&quot;size&quot;:&quot;&quot;},&quot;wdt_bg_image_tablet_extra&quot;:{&quot;url&quot;:&quot;&quot;,&quot;id&quot;:&quot;&quot;,&quot;size&quot;:&quot;&quot;},&quot;wdt_bg_image_tablet&quot;:{&quot;url&quot;:&quot;&quot;,&quot;id&quot;:&quot;&quot;,&quot;size&quot;:&quot;&quot;},&quot;wdt_bg_image_mobile_extra&quot;:{&quot;url&quot;:&quot;&quot;,&quot;id&quot;:&quot;&quot;,&quot;size&quot;:&quot;&quot;},&quot;wdt_bg_image_mobile&quot;:{&quot;url&quot;:&quot;&quot;,&quot;id&quot;:&quot;&quot;,&quot;size&quot;:&quot;&quot;},&quot;wdt_bg_position&quot;:&quot;center center&quot;,&quot;wdt_animation_effect&quot;:&quot;none&quot;}\">\n\t\t\t\t\t\t<div class=\"elementor-container elementor-column-gap-no\">\n\t\t\t\t\t<div class=\"elementor-column elementor-col-100 elementor-top-column elementor-element elementor-element-25f76ab\" data-id=\"25f76ab\" data-element_type=\"column\" data-e-type=\"column\">\n\t\t\t<div class=\"elementor-widget-wrap elementor-element-populated\">\n\t\t\t\t\t\t<div class=\"elementor-element elementor-element-20c759e center elementor-widget elementor-widget-wdt-image-box\" data-id=\"20c759e\" data-element_type=\"widget\" data-e-type=\"widget\" data-settings=\"{&quot;columns&quot;:&quot;3&quot;,&quot;columns_laptop&quot;:2,&quot;columns_tablet_extra&quot;:2,&quot;columns_tablet&quot;:2,&quot;columns_mobile_extra&quot;:1,&quot;columns_mobile&quot;:1,&quot;carousel_arrows_prev_arrow_vertical_top_indent&quot;:{&quot;unit&quot;:&quot;%&quot;,&quot;size&quot;:&quot;&quot;,&quot;sizes&quot;:[]},&quot;carousel_arrows_prev_arrow_vertical_top_indent_laptop&quot;:{&quot;unit&quot;:&quot;px&quot;,&quot;size&quot;:&quot;&quot;,&quot;sizes&quot;:[]},&quot;carousel_arrows_prev_arrow_vertical_top_indent_tablet_extra&quot;:{&quot;unit&quot;:&quot;px&quot;,&quot;size&quot;:&quot;&quot;,&quot;sizes&quot;:[]},&quot;carousel_arrows_prev_arrow_vertical_top_indent_tablet&quot;:{&quot;unit&quot;:&quot;%&quot;,&quot;size&quot;:&quot;&quot;,&quot;sizes&quot;:[]},&quot;carousel_arrows_prev_arrow_vertical_top_indent_mobile_extra&quot;:{&quot;unit&quot;:&quot;px&quot;,&quot;size&quot;:&quot;&quot;,&quot;sizes&quot;:[]},&quot;carousel_arrows_prev_arrow_vertical_top_indent_mobile&quot;:{&quot;unit&quot;:&quot;%&quot;,&quot;size&quot;:&quot;&quot;,&quot;sizes&quot;:[]},&quot;carousel_arrows_prev_arrow_horizontal_left_indent&quot;:{&quot;unit&quot;:&quot;%&quot;,&quot;size&quot;:&quot;&quot;,&quot;sizes&quot;:[]},&quot;carousel_arrows_prev_arrow_horizontal_left_indent_laptop&quot;:{&quot;unit&quot;:&quot;px&quot;,&quot;size&quot;:&quot;&quot;,&quot;sizes&quot;:[]},&quot;carousel_arrows_prev_arrow_horizontal_left_indent_tablet_extra&quot;:{&quot;unit&quot;:&quot;px&quot;,&quot;size&quot;:&quot;&quot;,&quot;sizes&quot;:[]},&quot;carousel_arrows_prev_arrow_horizontal_left_indent_tablet&quot;:{&quot;unit&quot;:&quot;%&quot;,&quot;size&quot;:&quot;&quot;,&quot;sizes&quot;:[]},&quot;carousel_arrows_prev_arrow_horizontal_left_indent_mobile_extra&quot;:{&quot;unit&quot;:&quot;px&quot;,&quot;size&quot;:&quot;&quot;,&quot;sizes&quot;:[]},&quot;carousel_arrows_prev_arrow_horizontal_left_indent_mobile&quot;:{&quot;unit&quot;:&quot;%&quot;,&quot;size&quot;:&quot;&quot;,&quot;sizes&quot;:[]},&quot;carousel_arrows_next_arrow_vertical_top_indent&quot;:{&quot;unit&quot;:&quot;%&quot;,&quot;size&quot;:&quot;&quot;,&quot;sizes&quot;:[]},&quot;carousel_arrows_next_arrow_vertical_top_indent_laptop&quot;:{&quot;unit&quot;:&quot;px&quot;,&quot;size&quot;:&quot;&quot;,&quot;sizes&quot;:[]},&quot;carousel_arrows_next_arrow_vertical_top_indent_tablet_extra&quot;:{&quot;unit&quot;:&quot;px&quot;,&quot;size&quot;:&quot;&quot;,&quot;sizes&quot;:[]},&quot;carousel_arrows_next_arrow_vertical_top_indent_tablet&quot;:{&quot;unit&quot;:&quot;%&quot;,&quot;size&quot;:&quot;&quot;,&quot;sizes&quot;:[]},&quot;carousel_arrows_next_arrow_vertical_top_indent_mobile_extra&quot;:{&quot;unit&quot;:&quot;px&quot;,&quot;size&quot;:&quot;&quot;,&quot;sizes&quot;:[]},&quot;carousel_arrows_next_arrow_vertical_top_indent_mobile&quot;:{&quot;unit&quot;:&quot;%&quot;,&quot;size&quot;:&quot;&quot;,&quot;sizes&quot;:[]},&quot;carousel_arrows_next_arrow_horizontal_left_indent&quot;:{&quot;unit&quot;:&quot;%&quot;,&quot;size&quot;:&quot;&quot;,&quot;sizes&quot;:[]},&quot;carousel_arrows_next_arrow_horizontal_left_indent_laptop&quot;:{&quot;unit&quot;:&quot;px&quot;,&quot;size&quot;:&quot;&quot;,&quot;sizes&quot;:[]},&quot;carousel_arrows_next_arrow_horizontal_left_indent_tablet_extra&quot;:{&quot;unit&quot;:&quot;px&quot;,&quot;size&quot;:&quot;&quot;,&quot;sizes&quot;:[]},&quot;carousel_arrows_next_arrow_horizontal_left_indent_tablet&quot;:{&quot;unit&quot;:&quot;%&quot;,&quot;size&quot;:&quot;&quot;,&quot;sizes&quot;:[]},&quot;carousel_arrows_next_arrow_horizontal_left_indent_mobile_extra&quot;:{&quot;unit&quot;:&quot;px&quot;,&quot;size&quot;:&quot;&quot;,&quot;sizes&quot;:[]},&quot;carousel_arrows_next_arrow_horizontal_left_indent_mobile&quot;:{&quot;unit&quot;:&quot;%&quot;,&quot;size&quot;:&quot;&quot;,&quot;sizes&quot;:[]},&quot;wdt_animation_effect&quot;:&quot;none&quot;}\" data-widget_type=\"wdt-image-box.default\">\n\t\t\t\t<div class=\"elementor-widget-container\">\n\t\t\t\t\t<div class=\"wdt-image-box-holder wdt-content-item-holder wdt-column-holder wdt-rc-template-default\" id=\"wdt-image-box-20c759e\" data-settings=\"{&quot;enable_popup&quot;:&quot;&quot;}\"><div class=\"wdt-column-wrapper wdt-column-gap-default\"><div class=\"wdt-column\"><div class=\"wdt-content-item\"><div class=\"wdt-content-media-group\"><div class=\"wdt-content-image-wrapper\"><div class=\"wdt-content-image\"><a href=\"http:\/\/www.zirvematbaa.com\/en\/hizmetlerimiz\/afis-calismalari\/\" target=\"_blank\" rel=\"nofollow\" ><img fetchpriority=\"high\" decoding=\"async\" width=\"674\" height=\"674\" src=\"https:\/\/www.zirvematbaa.com\/wp-content\/uploads\/2026\/01\/afis1.jpg\" class=\"attachment-full size-full wp-image-1844\" alt=\"\" srcset=\"https:\/\/www.zirvematbaa.com\/wp-content\/uploads\/2026\/01\/afis1.jpg 674w, https:\/\/www.zirvematbaa.com\/wp-content\/uploads\/2026\/01\/afis1-300x300.jpg 300w, https:\/\/www.zirvematbaa.com\/wp-content\/uploads\/2026\/01\/afis1-150x150.jpg 150w\" sizes=\"(max-width: 674px) 100vw, 674px\" \/><\/a><\/div><\/div><div class=\"wdt-content-icon-wrapper\"><div class=\"wdt-content-icon\"><span><svg aria-hidden=\"true\" class=\"e-font-icon-svg e-far-paper-plane\" viewbox=\"0 0 512 512\" xmlns=\"http:\/\/www.w3.org\/2000\/svg\"><path d=\"M440 6.5L24 246.4c-34.4 19.9-31.1 70.8 5.7 85.9L144 379.6V464c0 46.4 59.2 65.5 86.6 28.6l43.8-59.1 111.9 46.2c5.9 2.4 12.1 3.6 18.3 3.6 8.2 0 16.3-2.1 23.6-6.2 12.8-7.2 21.6-20 23.9-34.5l59.4-387.2c6.1-40.1-36.9-68.8-71.5-48.9zM192 464v-64.6l36.6 15.1L192 464zm212.6-28.7l-153.8-63.5L391 169.5c10.7-15.5-9.5-33.5-23.7-21.2L155.8 332.6 48 288 464 48l-59.4 387.3z\"><\/path><\/svg><\/span><\/div><\/div><\/div><div class=\"wdt-content-detail-group\"><div class=\"wdt-content-title-group below\"><div class=\"wdt-content-title\"><h5><a href=\"http:\/\/www.zirvematbaa.com\/en\/hizmetlerimiz\/afis-calismalari\/\" target=\"_blank\" rel=\"nofollow\" >Poster Design<\/a><\/h5><\/div><span><\/span><div class=\"wdt-content-subtitle\">Creative and effective poster designs that make your brand stand out.<\/div><\/div><div class=\"wdt-content-separator separator-1\"><span><\/span><\/div><div class=\"wdt-content-button wdt-button-clone\"><a href=\"http:\/\/www.zirvematbaa.com\/en\/hizmetlerimiz\/afis-calismalari\/\" target=\"_blank\" rel=\"nofollow\" ><div class=\"wdt-button-text\"><span>Review<\/span><\/div><\/a><\/div><\/div><\/div><\/div><div class=\"wdt-column\"><div class=\"wdt-content-item\"><div class=\"wdt-content-media-group\"><div class=\"wdt-content-image-wrapper\"><div class=\"wdt-content-image\"><a href=\"http:\/\/www.zirvematbaa.com\/en\/hizmetlerimiz\/brosur-ve-dergi-calismalari\/\" target=\"_blank\" rel=\"nofollow\" ><img decoding=\"async\" width=\"674\" height=\"674\" src=\"https:\/\/www.zirvematbaa.com\/wp-content\/uploads\/2026\/01\/BroDergi15.jpg\" class=\"attachment-full size-full wp-image-1845\" alt=\"\" srcset=\"https:\/\/www.zirvematbaa.com\/wp-content\/uploads\/2026\/01\/BroDergi15.jpg 674w, https:\/\/www.zirvematbaa.com\/wp-content\/uploads\/2026\/01\/BroDergi15-300x300.jpg 300w, https:\/\/www.zirvematbaa.com\/wp-content\/uploads\/2026\/01\/BroDergi15-150x150.jpg 150w\" sizes=\"(max-width: 674px) 100vw, 674px\" \/><\/a><\/div><\/div><div class=\"wdt-content-icon-wrapper\"><div class=\"wdt-content-icon\"><span><svg aria-hidden=\"true\" class=\"e-font-icon-svg e-far-paper-plane\" viewbox=\"0 0 512 512\" xmlns=\"http:\/\/www.w3.org\/2000\/svg\"><path d=\"M440 6.5L24 246.4c-34.4 19.9-31.1 70.8 5.7 85.9L144 379.6V464c0 46.4 59.2 65.5 86.6 28.6l43.8-59.1 111.9 46.2c5.9 2.4 12.1 3.6 18.3 3.6 8.2 0 16.3-2.1 23.6-6.2 12.8-7.2 21.6-20 23.9-34.5l59.4-387.2c6.1-40.1-36.9-68.8-71.5-48.9zM192 464v-64.6l36.6 15.1L192 464zm212.6-28.7l-153.8-63.5L391 169.5c10.7-15.5-9.5-33.5-23.7-21.2L155.8 332.6 48 288 464 48l-59.4 387.3z\"><\/path><\/svg><\/span><\/div><\/div><\/div><div class=\"wdt-content-detail-group\"><div class=\"wdt-content-title-group below\"><div class=\"wdt-content-title\"><h5><a href=\"http:\/\/www.zirvematbaa.com\/en\/hizmetlerimiz\/brosur-ve-dergi-calismalari\/\" target=\"_blank\" rel=\"nofollow\" >Brochure and Magazine Projects<\/a><\/h5><\/div><span><\/span><div class=\"wdt-content-subtitle\">Your brochures will stand out with detailed design and flawless printing.<\/div><\/div><div class=\"wdt-content-separator separator-1\"><span><\/span><\/div><div class=\"wdt-content-button wdt-button-clone\"><a href=\"http:\/\/www.zirvematbaa.com\/en\/hizmetlerimiz\/brosur-ve-dergi-calismalari\/\" target=\"_blank\" rel=\"nofollow\" ><div class=\"wdt-button-text\"><span>Review<\/span><\/div><\/a><\/div><\/div><\/div><\/div><div class=\"wdt-column\"><div class=\"wdt-content-item\"><div class=\"wdt-content-media-group\"><div class=\"wdt-content-image-wrapper\"><div class=\"wdt-content-image\"><a href=\"http:\/\/www.zirvematbaa.com\/en\/hizmetlerimiz\/katalog-calismalari\/\" target=\"_blank\" rel=\"nofollow\" ><img decoding=\"async\" width=\"674\" height=\"674\" src=\"https:\/\/www.zirvematbaa.com\/wp-content\/uploads\/2026\/01\/katalog-calismalari.jpg\" class=\"attachment-full size-full wp-image-1936\" alt=\"\" srcset=\"https:\/\/www.zirvematbaa.com\/wp-content\/uploads\/2026\/01\/katalog-calismalari.jpg 674w, https:\/\/www.zirvematbaa.com\/wp-content\/uploads\/2026\/01\/katalog-calismalari-300x300.jpg 300w, https:\/\/www.zirvematbaa.com\/wp-content\/uploads\/2026\/01\/katalog-calismalari-150x150.jpg 150w\" sizes=\"(max-width: 674px) 100vw, 674px\" \/><\/a><\/div><\/div><div class=\"wdt-content-icon-wrapper\"><div class=\"wdt-content-icon\"><span><svg aria-hidden=\"true\" class=\"e-font-icon-svg e-far-paper-plane\" viewbox=\"0 0 512 512\" xmlns=\"http:\/\/www.w3.org\/2000\/svg\"><path d=\"M440 6.5L24 246.4c-34.4 19.9-31.1 70.8 5.7 85.9L144 379.6V464c0 46.4 59.2 65.5 86.6 28.6l43.8-59.1 111.9 46.2c5.9 2.4 12.1 3.6 18.3 3.6 8.2 0 16.3-2.1 23.6-6.2 12.8-7.2 21.6-20 23.9-34.5l59.4-387.2c6.1-40.1-36.9-68.8-71.5-48.9zM192 464v-64.6l36.6 15.1L192 464zm212.6-28.7l-153.8-63.5L391 169.5c10.7-15.5-9.5-33.5-23.7-21.2L155.8 332.6 48 288 464 48l-59.4 387.3z\"><\/path><\/svg><\/span><\/div><\/div><\/div><div class=\"wdt-content-detail-group\"><div class=\"wdt-content-title-group below\"><div class=\"wdt-content-title\"><h5><a href=\"http:\/\/www.zirvematbaa.com\/en\/hizmetlerimiz\/katalog-calismalari\/\" target=\"_blank\" rel=\"nofollow\" >Catalog Projects<\/a><\/h5><\/div><span><\/span><div class=\"wdt-content-subtitle\">Catalog designs that present your brand's products and services in a stylish and impressive way.<\/div><\/div><div class=\"wdt-content-separator separator-1\"><span><\/span><\/div><div class=\"wdt-content-button wdt-button-clone\"><a href=\"http:\/\/www.zirvematbaa.com\/en\/hizmetlerimiz\/katalog-calismalari\/\" target=\"_blank\" rel=\"nofollow\" ><div class=\"wdt-button-text\"><span>Review<\/span><\/div><\/a><\/div><\/div><\/div><\/div><\/div><\/div>\t\t\t\t<\/div>\n\t\t\t\t<\/div>\n\t\t\t\t<div class=\"elementor-element elementor-element-f178f19 center elementor-widget elementor-widget-wdt-image-box\" data-id=\"f178f19\" data-element_type=\"widget\" data-e-type=\"widget\" data-settings=\"{&quot;columns&quot;:&quot;3&quot;,&quot;columns_laptop&quot;:2,&quot;columns_tablet_extra&quot;:2,&quot;columns_tablet&quot;:2,&quot;columns_mobile_extra&quot;:1,&quot;columns_mobile&quot;:1,&quot;carousel_arrows_prev_arrow_vertical_top_indent&quot;:{&quot;unit&quot;:&quot;%&quot;,&quot;size&quot;:&quot;&quot;,&quot;sizes&quot;:[]},&quot;carousel_arrows_prev_arrow_vertical_top_indent_laptop&quot;:{&quot;unit&quot;:&quot;px&quot;,&quot;size&quot;:&quot;&quot;,&quot;sizes&quot;:[]},&quot;carousel_arrows_prev_arrow_vertical_top_indent_tablet_extra&quot;:{&quot;unit&quot;:&quot;px&quot;,&quot;size&quot;:&quot;&quot;,&quot;sizes&quot;:[]},&quot;carousel_arrows_prev_arrow_vertical_top_indent_tablet&quot;:{&quot;unit&quot;:&quot;%&quot;,&quot;size&quot;:&quot;&quot;,&quot;sizes&quot;:[]},&quot;carousel_arrows_prev_arrow_vertical_top_indent_mobile_extra&quot;:{&quot;unit&quot;:&quot;px&quot;,&quot;size&quot;:&quot;&quot;,&quot;sizes&quot;:[]},&quot;carousel_arrows_prev_arrow_vertical_top_indent_mobile&quot;:{&quot;unit&quot;:&quot;%&quot;,&quot;size&quot;:&quot;&quot;,&quot;sizes&quot;:[]},&quot;carousel_arrows_prev_arrow_horizontal_left_indent&quot;:{&quot;unit&quot;:&quot;%&quot;,&quot;size&quot;:&quot;&quot;,&quot;sizes&quot;:[]},&quot;carousel_arrows_prev_arrow_horizontal_left_indent_laptop&quot;:{&quot;unit&quot;:&quot;px&quot;,&quot;size&quot;:&quot;&quot;,&quot;sizes&quot;:[]},&quot;carousel_arrows_prev_arrow_horizontal_left_indent_tablet_extra&quot;:{&quot;unit&quot;:&quot;px&quot;,&quot;size&quot;:&quot;&quot;,&quot;sizes&quot;:[]},&quot;carousel_arrows_prev_arrow_horizontal_left_indent_tablet&quot;:{&quot;unit&quot;:&quot;%&quot;,&quot;size&quot;:&quot;&quot;,&quot;sizes&quot;:[]},&quot;carousel_arrows_prev_arrow_horizontal_left_indent_mobile_extra&quot;:{&quot;unit&quot;:&quot;px&quot;,&quot;size&quot;:&quot;&quot;,&quot;sizes&quot;:[]},&quot;carousel_arrows_prev_arrow_horizontal_left_indent_mobile&quot;:{&quot;unit&quot;:&quot;%&quot;,&quot;size&quot;:&quot;&quot;,&quot;sizes&quot;:[]},&quot;carousel_arrows_next_arrow_vertical_top_indent&quot;:{&quot;unit&quot;:&quot;%&quot;,&quot;size&quot;:&quot;&quot;,&quot;sizes&quot;:[]},&quot;carousel_arrows_next_arrow_vertical_top_indent_laptop&quot;:{&quot;unit&quot;:&quot;px&quot;,&quot;size&quot;:&quot;&quot;,&quot;sizes&quot;:[]},&quot;carousel_arrows_next_arrow_vertical_top_indent_tablet_extra&quot;:{&quot;unit&quot;:&quot;px&quot;,&quot;size&quot;:&quot;&quot;,&quot;sizes&quot;:[]},&quot;carousel_arrows_next_arrow_vertical_top_indent_tablet&quot;:{&quot;unit&quot;:&quot;%&quot;,&quot;size&quot;:&quot;&quot;,&quot;sizes&quot;:[]},&quot;carousel_arrows_next_arrow_vertical_top_indent_mobile_extra&quot;:{&quot;unit&quot;:&quot;px&quot;,&quot;size&quot;:&quot;&quot;,&quot;sizes&quot;:[]},&quot;carousel_arrows_next_arrow_vertical_top_indent_mobile&quot;:{&quot;unit&quot;:&quot;%&quot;,&quot;size&quot;:&quot;&quot;,&quot;sizes&quot;:[]},&quot;carousel_arrows_next_arrow_horizontal_left_indent&quot;:{&quot;unit&quot;:&quot;%&quot;,&quot;size&quot;:&quot;&quot;,&quot;sizes&quot;:[]},&quot;carousel_arrows_next_arrow_horizontal_left_indent_laptop&quot;:{&quot;unit&quot;:&quot;px&quot;,&quot;size&quot;:&quot;&quot;,&quot;sizes&quot;:[]},&quot;carousel_arrows_next_arrow_horizontal_left_indent_tablet_extra&quot;:{&quot;unit&quot;:&quot;px&quot;,&quot;size&quot;:&quot;&quot;,&quot;sizes&quot;:[]},&quot;carousel_arrows_next_arrow_horizontal_left_indent_tablet&quot;:{&quot;unit&quot;:&quot;%&quot;,&quot;size&quot;:&quot;&quot;,&quot;sizes&quot;:[]},&quot;carousel_arrows_next_arrow_horizontal_left_indent_mobile_extra&quot;:{&quot;unit&quot;:&quot;px&quot;,&quot;size&quot;:&quot;&quot;,&quot;sizes&quot;:[]},&quot;carousel_arrows_next_arrow_horizontal_left_indent_mobile&quot;:{&quot;unit&quot;:&quot;%&quot;,&quot;size&quot;:&quot;&quot;,&quot;sizes&quot;:[]},&quot;wdt_animation_effect&quot;:&quot;none&quot;}\" data-widget_type=\"wdt-image-box.default\">\n\t\t\t\t<div class=\"elementor-widget-container\">\n\t\t\t\t\t<div class=\"wdt-image-box-holder wdt-content-item-holder wdt-column-holder wdt-rc-template-default\" id=\"wdt-image-box-f178f19\" data-settings=\"{&quot;enable_popup&quot;:&quot;&quot;}\"><div class=\"wdt-column-wrapper wdt-column-gap-default\"><div class=\"wdt-column\"><div class=\"wdt-content-item\"><div class=\"wdt-content-media-group\"><div class=\"wdt-content-image-wrapper\"><div class=\"wdt-content-image\"><a href=\"http:\/\/www.zirvematbaa.com\/en\/hizmetlerimiz\/kurumsal-kimlik-calismalari\/\" target=\"_blank\" rel=\"nofollow\" ><img loading=\"lazy\" decoding=\"async\" width=\"674\" height=\"674\" src=\"https:\/\/www.zirvematbaa.com\/wp-content\/uploads\/2026\/01\/kurumsal-kimlik.jpg\" class=\"attachment-full size-full wp-image-1938\" alt=\"\" srcset=\"https:\/\/www.zirvematbaa.com\/wp-content\/uploads\/2026\/01\/kurumsal-kimlik.jpg 674w, https:\/\/www.zirvematbaa.com\/wp-content\/uploads\/2026\/01\/kurumsal-kimlik-300x300.jpg 300w, https:\/\/www.zirvematbaa.com\/wp-content\/uploads\/2026\/01\/kurumsal-kimlik-150x150.jpg 150w\" sizes=\"(max-width: 674px) 100vw, 674px\" \/><\/a><\/div><\/div><div class=\"wdt-content-icon-wrapper\"><div class=\"wdt-content-icon\"><span><svg aria-hidden=\"true\" class=\"e-font-icon-svg e-far-paper-plane\" viewbox=\"0 0 512 512\" xmlns=\"http:\/\/www.w3.org\/2000\/svg\"><path d=\"M440 6.5L24 246.4c-34.4 19.9-31.1 70.8 5.7 85.9L144 379.6V464c0 46.4 59.2 65.5 86.6 28.6l43.8-59.1 111.9 46.2c5.9 2.4 12.1 3.6 18.3 3.6 8.2 0 16.3-2.1 23.6-6.2 12.8-7.2 21.6-20 23.9-34.5l59.4-387.2c6.1-40.1-36.9-68.8-71.5-48.9zM192 464v-64.6l36.6 15.1L192 464zm212.6-28.7l-153.8-63.5L391 169.5c10.7-15.5-9.5-33.5-23.7-21.2L155.8 332.6 48 288 464 48l-59.4 387.3z\"><\/path><\/svg><\/span><\/div><\/div><\/div><div class=\"wdt-content-detail-group\"><div class=\"wdt-content-title-group below\"><div class=\"wdt-content-title\"><h5><a href=\"http:\/\/www.zirvematbaa.com\/en\/hizmetlerimiz\/kurumsal-kimlik-calismalari\/\" target=\"_blank\" rel=\"nofollow\" >Corporate Identity Project<\/a><\/h5><\/div><span><\/span><div class=\"wdt-content-subtitle\">Markan\u0131za \u00f6zel b\u00fct\u00fcnle\u015fik kimlik \u00e7\u00f6z\u00fcmleri<\/div><\/div><div class=\"wdt-content-separator separator-1\"><span><\/span><\/div><div class=\"wdt-content-button wdt-button-clone\"><a href=\"http:\/\/www.zirvematbaa.com\/en\/hizmetlerimiz\/kurumsal-kimlik-calismalari\/\" target=\"_blank\" rel=\"nofollow\" ><div class=\"wdt-button-text\"><span>Review<\/span><\/div><\/a><\/div><\/div><\/div><\/div><div class=\"wdt-column\"><div class=\"wdt-content-item\"><div class=\"wdt-content-media-group\"><div class=\"wdt-content-image-wrapper\"><div class=\"wdt-content-image\"><a href=\"http:\/\/www.zirvematbaa.com\/en\/hizmetlerimiz\/kutu-calismalari\/\" target=\"_blank\" rel=\"nofollow\" ><img loading=\"lazy\" decoding=\"async\" width=\"674\" height=\"674\" src=\"https:\/\/www.zirvematbaa.com\/wp-content\/uploads\/2026\/01\/kartoncanta19.jpg\" class=\"attachment-full size-full wp-image-1848\" alt=\"\" srcset=\"https:\/\/www.zirvematbaa.com\/wp-content\/uploads\/2026\/01\/kartoncanta19.jpg 674w, https:\/\/www.zirvematbaa.com\/wp-content\/uploads\/2026\/01\/kartoncanta19-300x300.jpg 300w, https:\/\/www.zirvematbaa.com\/wp-content\/uploads\/2026\/01\/kartoncanta19-150x150.jpg 150w\" sizes=\"(max-width: 674px) 100vw, 674px\" \/><\/a><\/div><\/div><div class=\"wdt-content-icon-wrapper\"><div class=\"wdt-content-icon\"><span><svg aria-hidden=\"true\" class=\"e-font-icon-svg e-far-paper-plane\" viewbox=\"0 0 512 512\" xmlns=\"http:\/\/www.w3.org\/2000\/svg\"><path d=\"M440 6.5L24 246.4c-34.4 19.9-31.1 70.8 5.7 85.9L144 379.6V464c0 46.4 59.2 65.5 86.6 28.6l43.8-59.1 111.9 46.2c5.9 2.4 12.1 3.6 18.3 3.6 8.2 0 16.3-2.1 23.6-6.2 12.8-7.2 21.6-20 23.9-34.5l59.4-387.2c6.1-40.1-36.9-68.8-71.5-48.9zM192 464v-64.6l36.6 15.1L192 464zm212.6-28.7l-153.8-63.5L391 169.5c10.7-15.5-9.5-33.5-23.7-21.2L155.8 332.6 48 288 464 48l-59.4 387.3z\"><\/path><\/svg><\/span><\/div><\/div><\/div><div class=\"wdt-content-detail-group\"><div class=\"wdt-content-title-group below\"><div class=\"wdt-content-title\"><h5><a href=\"http:\/\/www.zirvematbaa.com\/en\/hizmetlerimiz\/kutu-calismalari\/\" target=\"_blank\" rel=\"nofollow\" >Box Projects<\/a><\/h5><\/div><span><\/span><div class=\"wdt-content-subtitle\">High-quality and creative packaging designs that make your products stand out.<\/div><\/div><div class=\"wdt-content-separator separator-1\"><span><\/span><\/div><div class=\"wdt-content-button wdt-button-clone\"><a href=\"http:\/\/www.zirvematbaa.com\/en\/hizmetlerimiz\/kutu-calismalari\/\" target=\"_blank\" rel=\"nofollow\" ><div class=\"wdt-button-text\"><span>Review<\/span><\/div><\/a><\/div><\/div><\/div><\/div><div class=\"wdt-column\"><div class=\"wdt-content-item\"><div class=\"wdt-content-media-group\"><div class=\"wdt-content-image-wrapper\"><div class=\"wdt-content-image\"><a href=\"http:\/\/www.zirvematbaa.com\/en\/hizmetlerimiz\/karton-canta-calismalari\/\" target=\"_blank\" rel=\"nofollow\" ><img decoding=\"async\" width=\"674\" height=\"674\" src=\"https:\/\/www.zirvematbaa.com\/wp-content\/uploads\/2026\/01\/BroDergi15.jpg\" class=\"attachment-full size-full wp-image-1845\" alt=\"\" srcset=\"https:\/\/www.zirvematbaa.com\/wp-content\/uploads\/2026\/01\/BroDergi15.jpg 674w, https:\/\/www.zirvematbaa.com\/wp-content\/uploads\/2026\/01\/BroDergi15-300x300.jpg 300w, https:\/\/www.zirvematbaa.com\/wp-content\/uploads\/2026\/01\/BroDergi15-150x150.jpg 150w\" sizes=\"(max-width: 674px) 100vw, 674px\" \/><\/a><\/div><\/div><div class=\"wdt-content-icon-wrapper\"><div class=\"wdt-content-icon\"><span><svg aria-hidden=\"true\" class=\"e-font-icon-svg e-far-paper-plane\" viewbox=\"0 0 512 512\" xmlns=\"http:\/\/www.w3.org\/2000\/svg\"><path d=\"M440 6.5L24 246.4c-34.4 19.9-31.1 70.8 5.7 85.9L144 379.6V464c0 46.4 59.2 65.5 86.6 28.6l43.8-59.1 111.9 46.2c5.9 2.4 12.1 3.6 18.3 3.6 8.2 0 16.3-2.1 23.6-6.2 12.8-7.2 21.6-20 23.9-34.5l59.4-387.2c6.1-40.1-36.9-68.8-71.5-48.9zM192 464v-64.6l36.6 15.1L192 464zm212.6-28.7l-153.8-63.5L391 169.5c10.7-15.5-9.5-33.5-23.7-21.2L155.8 332.6 48 288 464 48l-59.4 387.3z\"><\/path><\/svg><\/span><\/div><\/div><\/div><div class=\"wdt-content-detail-group\"><div class=\"wdt-content-title-group below\"><div class=\"wdt-content-title\"><h5><a href=\"http:\/\/www.zirvematbaa.com\/en\/hizmetlerimiz\/karton-canta-calismalari\/\" target=\"_blank\" rel=\"nofollow\" >Cardboard Bag Projects<\/a><\/h5><\/div><span><\/span><div class=\"wdt-content-subtitle\">Stylish and durable cardboard bag designs<\/div><\/div><div class=\"wdt-content-separator separator-1\"><span><\/span><\/div><div class=\"wdt-content-button wdt-button-clone\"><a href=\"http:\/\/www.zirvematbaa.com\/en\/hizmetlerimiz\/karton-canta-calismalari\/\" target=\"_blank\" rel=\"nofollow\" ><div class=\"wdt-button-text\"><span>Review<\/span><\/div><\/a><\/div><\/div><\/div><\/div><\/div><\/div>\t\t\t\t<\/div>\n\t\t\t\t<\/div>\n\t\t\t\t\t<\/div>\n\t\t<\/div>\n\t\t\t\t\t<\/div>\n\t\t<\/section>\n\t\t\t\t<\/div>","protected":false},"excerpt":{"rendered":"<p>Afi\u015f \u00c7al\u0131\u015fmalar\u0131 Markan\u0131z\u0131 \u00f6ne \u00e7\u0131karan yarat\u0131c\u0131 ve etkili afi\u015f tasar\u0131mlar\u0131.\u0130ncele Bro\u015f\u00fcr ve Dergi \u00c7al\u0131\u015fmalar\u0131 Detayl\u0131 tasar\u0131m ve kusursuz bask\u0131 ile bro\u015f\u00fcrleriniz fark yarat\u0131r.\u0130ncele Katalog \u00c7al\u0131\u015fmalar\u0131 \u00dcr\u00fcn ve hizmetlerinizi etkileyici \u015fekilde sunan katalog tasar\u0131mlar\u0131\u0130ncele Kurumsal Kimlik \u00c7al\u0131\u015fmalar\u0131 Markan\u0131za \u00f6zel b\u00fct\u00fcnle\u015fik kimlik \u00e7\u00f6z\u00fcmleri\u0130ncele Kutu \u00c7al\u0131\u015fmalar\u0131 \u00dcr\u00fcnlerinizi \u00f6ne \u00e7\u0131karan, kaliteli ambalaj tasar\u0131mlar\u0131\u0130ncele Karton \u00c7anta \u00c7al\u0131\u015fmalar\u0131 \u015e\u0131k ve dayan\u0131kl\u0131 [&hellip;]<\/p>","protected":false},"author":1,"featured_media":0,"parent":0,"menu_order":0,"comment_status":"closed","ping_status":"closed","template":"elementor_header_footer","meta":{"footnotes":""},"class_list":["post-510","page","type-page","status-publish","hentry"],"_links":{"self":[{"href":"https:\/\/www.zirvematbaa.com\/en\/wp-json\/wp\/v2\/pages\/510","targetHints":{"allow":["GET"]}}],"collection":[{"href":"https:\/\/www.zirvematbaa.com\/en\/wp-json\/wp\/v2\/pages"}],"about":[{"href":"https:\/\/www.zirvematbaa.com\/en\/wp-json\/wp\/v2\/types\/page"}],"author":[{"embeddable":true,"href":"https:\/\/www.zirvematbaa.com\/en\/wp-json\/wp\/v2\/users\/1"}],"replies":[{"embeddable":true,"href":"https:\/\/www.zirvematbaa.com\/en\/wp-json\/wp\/v2\/comments?post=510"}],"version-history":[{"count":8,"href":"https:\/\/www.zirvematbaa.com\/en\/wp-json\/wp\/v2\/pages\/510\/revisions"}],"predecessor-version":[{"id":2237,"href":"https:\/\/www.zirvematbaa.com\/en\/wp-json\/wp\/v2\/pages\/510\/revisions\/2237"}],"wp:attachment":[{"href":"https:\/\/www.zirvematbaa.com\/en\/wp-json\/wp\/v2\/media?parent=510"}],"curies":[{"name":"wp","href":"https:\/\/api.w.org\/{rel}","templated":true}]}}