{"id":69,"date":"2023-07-13T05:24:25","date_gmt":"2023-07-13T05:24:25","guid":{"rendered":"http:\/\/www.zirve2.raffagency.com\/?page_id=69"},"modified":"2026-01-04T17:29:34","modified_gmt":"2026-01-04T17:29:34","slug":"blog","status":"publish","type":"page","link":"https:\/\/www.zirvematbaa.com\/en\/blog\/","title":{"rendered":"Blog"},"content":{"rendered":"<div data-elementor-type=\"wp-page\" data-elementor-id=\"69\" class=\"elementor elementor-69\">\n\t\t\t\t\t\t<section class=\"elementor-section elementor-top-section elementor-element elementor-element-f5176a2 elementor-section-full_width elementor-section-height-default elementor-section-height-default\" data-id=\"f5176a2\" data-element_type=\"section\" data-e-type=\"section\" data-settings=\"{&quot;wdt_bg_image&quot;:{&quot;url&quot;:&quot;&quot;,&quot;id&quot;:&quot;&quot;,&quot;size&quot;:&quot;&quot;},&quot;wdt_bg_image_laptop&quot;:{&quot;url&quot;:&quot;&quot;,&quot;id&quot;:&quot;&quot;,&quot;size&quot;:&quot;&quot;},&quot;wdt_bg_image_tablet_extra&quot;:{&quot;url&quot;:&quot;&quot;,&quot;id&quot;:&quot;&quot;,&quot;size&quot;:&quot;&quot;},&quot;wdt_bg_image_tablet&quot;:{&quot;url&quot;:&quot;&quot;,&quot;id&quot;:&quot;&quot;,&quot;size&quot;:&quot;&quot;},&quot;wdt_bg_image_mobile_extra&quot;:{&quot;url&quot;:&quot;&quot;,&quot;id&quot;:&quot;&quot;,&quot;size&quot;:&quot;&quot;},&quot;wdt_bg_image_mobile&quot;:{&quot;url&quot;:&quot;&quot;,&quot;id&quot;:&quot;&quot;,&quot;size&quot;:&quot;&quot;},&quot;wdt_bg_position&quot;:&quot;center center&quot;,&quot;wdt_animation_effect&quot;:&quot;none&quot;}\">\n\t\t\t\t\t\t<div class=\"elementor-container elementor-column-gap-no\">\n\t\t\t\t\t<div class=\"elementor-column elementor-col-100 elementor-top-column elementor-element elementor-element-c8fc708\" data-id=\"c8fc708\" data-element_type=\"column\" data-e-type=\"column\">\n\t\t\t<div class=\"elementor-widget-wrap elementor-element-populated\">\n\t\t\t\t\t\t<div class=\"elementor-element elementor-element-12331a9 elementor-widget elementor-widget-wdt-blog-posts\" data-id=\"12331a9\" data-element_type=\"widget\" data-e-type=\"widget\" data-settings=\"{&quot;wdt_animation_effect&quot;:&quot;none&quot;}\" data-widget_type=\"wdt-blog-posts.default\">\n\t\t\t\t<div class=\"elementor-widget-container\">\n\t\t\t\t\t<div class=\"wdt-posts-list-wrapper  wdt-post-list-carousel-12331a9\" ><div class='tpl-blog-holder  apply-isotope'><div class='grid-sizer  entry-grid-layout wdt-simple-style wdt-scaleout-hover wdt-default-overlay alignleft column wdt-one-half wdt-post-entry'><\/div><div class=\"entry-grid-layout wdt-simple-style wdt-scaleout-hover wdt-default-overlay alignleft column wdt-one-half wdt-post-entry\"><article id=\"post-2496\" class=\"post-2496 post type-post status-publish format-standard has-post-thumbnail hentry category-haberler blog-entry\">\r\n\r\n\r\n\t<!-- Featured Image -->\r\n\t<div class=\"entry-thumb\">\r\n\t\t\r\n<a href=\"https:\/\/www.zirvematbaa.com\/en\/zirve-matbaadan-yeni-yatirim-zfm800-a-sicak-bicakli-selefon-makinesi\/\" title=\"Permalink to Zirve Matbaa&#8217;dan Yeni Yat\u0131r\u0131m: ZFM800-A S\u0131cak B\u0131\u00e7akl\u0131 Selefon Makinesi\"><img fetchpriority=\"high\" decoding=\"async\" width=\"1000\" height=\"600\" src=\"https:\/\/www.zirvematbaa.com\/wp-content\/uploads\/2026\/03\/blog-5621-12.jpg\" class=\"attachment-wdt-blog-ii-column size-wdt-blog-ii-column wp-post-image\" alt=\"\" srcset=\"https:\/\/www.zirvematbaa.com\/wp-content\/uploads\/2026\/03\/blog-5621-12.jpg 1000w, https:\/\/www.zirvematbaa.com\/wp-content\/uploads\/2026\/03\/blog-5621-12-300x180.jpg 300w, https:\/\/www.zirvematbaa.com\/wp-content\/uploads\/2026\/03\/blog-5621-12-768x461.jpg 768w, https:\/\/www.zirvematbaa.com\/wp-content\/uploads\/2026\/03\/blog-5621-12-18x12.jpg 18w\" sizes=\"(max-width: 1000px) 100vw, 1000px\" \/><\/a>\r\n        <\/div><!-- Featured Image -->\r\n<!-- Entry Date -->\r\n<div class=\"entry-date\">\r\n\t<i class=\"wdticon-calendar\"> <\/i>\r\n\t11\/03\/2026<\/div><!-- Entry Date -->\r\n<!-- Entry Categories -->\r\n<div class=\"entry-categories\"><a href=\"https:\/\/www.zirvematbaa.com\/en\/category\/haberler\/\" style=\"color:\">News<\/a><\/div><!-- Entry Categories -->\r\n<!-- Entry Title -->\r\n<div class=\"entry-title\">\r\n\t<h4>    \t<a href=\"https:\/\/www.zirvematbaa.com\/en\/zirve-matbaadan-yeni-yatirim-zfm800-a-sicak-bicakli-selefon-makinesi\/\" title=\"Permalink to Zirve Matbaa&#8217;dan Yeni Yat\u0131r\u0131m: ZFM800-A S\u0131cak B\u0131\u00e7akl\u0131 Selefon Makinesi\">Zirve Matbaa&#8217;dan Yeni Yat\u0131r\u0131m: ZFM800-A S\u0131cak B\u0131\u00e7akl\u0131 Selefon Makinesi<\/a>\r\n\t<\/h4>\r\n<\/div><!-- Entry Title -->\r\n<!-- Entry Button --><div class=\"entry-button wdt-core-button\"><a href=\"https:\/\/www.zirvematbaa.com\/en\/zirve-matbaadan-yeni-yatirim-zfm800-a-sicak-bicakli-selefon-makinesi\/\" title=\"Zirve Matbaa&#8217;dan Yeni Yat\u0131r\u0131m: ZFM800-A S\u0131cak B\u0131\u00e7akl\u0131 Selefon Makinesi\" class=\"wdt-button\">Read More<span>\r\n\t\t\t<svg xmlns=\"http:\/\/www.w3.org\/2000\/svg\" xmlns:xlink=\"http:\/\/www.w3.org\/1999\/xlink\" x=\"0px\" y=\"0px\" viewbox=\"0 0 100 100\" style=\"enable-background:new 0 0 100 100;\" xml:space=\"preserve\">\r\n\t\t\t\t<path d=\"M7.4,99c-1.6,0-3.3-0.6-4.5-1.9c-2.5-2.5-2.5-6.6,0-9.1L88,2.9c2.5-2.5,6.6-2.5,9.1,0c2.5,2.5,2.5,6.6,0,9.1\t\t\t\t\tL12,97.1C10.7,98.4,9.1,99,7.4,99z\"\/>\r\n\t\t\t\t<path d=\"M92.5,82.4c-3.5,0-6.4-2.9-6.4-6.4V13.9H24c-3.5,0-6.4-2.9-6.4-6.4c0-3.5,2.9-6.4,6.4-6.4h68.5\t\t\t\t\tc3.5,0,6.4,2.9,6.4,6.4V76C98.9,79.5,96,82.4,92.5,82.4L92.5,82.4z\"\/>\r\n\t\t\t<\/svg><\/span><\/a><\/div><!-- Entry Button --><\/article><\/div><div class=\"entry-grid-layout wdt-simple-style wdt-scaleout-hover wdt-default-overlay alignleft column wdt-one-half wdt-post-entry\"><article id=\"post-1260\" class=\"post-1260 post type-post status-publish format-standard has-post-thumbnail hentry category-haberler blog-entry\">\r\n\r\n\r\n\t<!-- Featured Image -->\r\n\t<div class=\"entry-thumb\">\r\n\t\t\r\n<a href=\"https:\/\/www.zirvematbaa.com\/en\/matbaa-urunlerinde-tasarim-ve-baski-uyumu\/\" title=\"Permalink to Matbaa \u00dcr\u00fcnlerinde Tasar\u0131m ve Bask\u0131 Uyumu\"><img decoding=\"async\" width=\"1000\" height=\"600\" src=\"https:\/\/www.zirvematbaa.com\/wp-content\/uploads\/2023\/10\/blog-3.jpg\" class=\"attachment-wdt-blog-ii-column size-wdt-blog-ii-column wp-post-image\" alt=\"\" srcset=\"https:\/\/www.zirvematbaa.com\/wp-content\/uploads\/2023\/10\/blog-3.jpg 1000w, https:\/\/www.zirvematbaa.com\/wp-content\/uploads\/2023\/10\/blog-3-300x180.jpg 300w, https:\/\/www.zirvematbaa.com\/wp-content\/uploads\/2023\/10\/blog-3-768x461.jpg 768w, https:\/\/www.zirvematbaa.com\/wp-content\/uploads\/2023\/10\/blog-3-18x12.jpg 18w\" sizes=\"(max-width: 1000px) 100vw, 1000px\" \/><\/a>\r\n        <\/div><!-- Featured Image -->\r\n<!-- Entry Date -->\r\n<div class=\"entry-date\">\r\n\t<i class=\"wdticon-calendar\"> <\/i>\r\n\t28\/01\/2026<\/div><!-- Entry Date -->\r\n<!-- Entry Categories -->\r\n<div class=\"entry-categories\"><a href=\"https:\/\/www.zirvematbaa.com\/en\/category\/haberler\/\" style=\"color:\">News<\/a><\/div><!-- Entry Categories -->\r\n<!-- Entry Title -->\r\n<div class=\"entry-title\">\r\n\t<h4>    \t<a href=\"https:\/\/www.zirvematbaa.com\/en\/matbaa-urunlerinde-tasarim-ve-baski-uyumu\/\" title=\"Permalink to Matbaa \u00dcr\u00fcnlerinde Tasar\u0131m ve Bask\u0131 Uyumu\">Design and Printing Compatibility in Printing Products<\/a>\r\n\t<\/h4>\r\n<\/div><!-- Entry Title -->\r\n<!-- Entry Button --><div class=\"entry-button wdt-core-button\"><a href=\"https:\/\/www.zirvematbaa.com\/en\/matbaa-urunlerinde-tasarim-ve-baski-uyumu\/\" title=\"Design and Printing Compatibility in Printing Products\" class=\"wdt-button\">Read More<span>\r\n\t\t\t<svg xmlns=\"http:\/\/www.w3.org\/2000\/svg\" xmlns:xlink=\"http:\/\/www.w3.org\/1999\/xlink\" x=\"0px\" y=\"0px\" viewbox=\"0 0 100 100\" style=\"enable-background:new 0 0 100 100;\" xml:space=\"preserve\">\r\n\t\t\t\t<path d=\"M7.4,99c-1.6,0-3.3-0.6-4.5-1.9c-2.5-2.5-2.5-6.6,0-9.1L88,2.9c2.5-2.5,6.6-2.5,9.1,0c2.5,2.5,2.5,6.6,0,9.1\t\t\t\t\tL12,97.1C10.7,98.4,9.1,99,7.4,99z\"\/>\r\n\t\t\t\t<path d=\"M92.5,82.4c-3.5,0-6.4-2.9-6.4-6.4V13.9H24c-3.5,0-6.4-2.9-6.4-6.4c0-3.5,2.9-6.4,6.4-6.4h68.5\t\t\t\t\tc3.5,0,6.4,2.9,6.4,6.4V76C98.9,79.5,96,82.4,92.5,82.4L92.5,82.4z\"\/>\r\n\t\t\t<\/svg><\/span><\/a><\/div><!-- Entry Button --><\/article><\/div><div class=\"entry-grid-layout wdt-simple-style wdt-scaleout-hover wdt-default-overlay alignleft column wdt-one-half wdt-post-entry\"><article id=\"post-1259\" class=\"post-1259 post type-post status-publish format-standard has-post-thumbnail hentry category-haberler blog-entry\">\r\n\r\n\r\n\t<!-- Featured Image -->\r\n\t<div class=\"entry-thumb\">\r\n\t\t\r\n<a href=\"https:\/\/www.zirvematbaa.com\/en\/dogru-kagit-ve-baski-teknigi-nasil-secilir\/\" title=\"Permalink to Do\u011fru Ka\u011f\u0131t ve Bask\u0131 Tekni\u011fi Nas\u0131l Se\u00e7ilir?\"><img decoding=\"async\" width=\"1000\" height=\"600\" src=\"https:\/\/www.zirvematbaa.com\/wp-content\/uploads\/2023\/10\/blog-2.jpg\" class=\"attachment-wdt-blog-ii-column size-wdt-blog-ii-column wp-post-image\" alt=\"\" srcset=\"https:\/\/www.zirvematbaa.com\/wp-content\/uploads\/2023\/10\/blog-2.jpg 1000w, https:\/\/www.zirvematbaa.com\/wp-content\/uploads\/2023\/10\/blog-2-300x180.jpg 300w, https:\/\/www.zirvematbaa.com\/wp-content\/uploads\/2023\/10\/blog-2-768x461.jpg 768w, https:\/\/www.zirvematbaa.com\/wp-content\/uploads\/2023\/10\/blog-2-18x12.jpg 18w\" sizes=\"(max-width: 1000px) 100vw, 1000px\" \/><\/a>\r\n        <\/div><!-- Featured Image -->\r\n<!-- Entry Date -->\r\n<div class=\"entry-date\">\r\n\t<i class=\"wdticon-calendar\"> <\/i>\r\n\t27\/01\/2026<\/div><!-- Entry Date -->\r\n<!-- Entry Categories -->\r\n<div class=\"entry-categories\"><a href=\"https:\/\/www.zirvematbaa.com\/en\/category\/haberler\/\" style=\"color:\">News<\/a><\/div><!-- Entry Categories -->\r\n<!-- Entry Title -->\r\n<div class=\"entry-title\">\r\n\t<h4>    \t<a href=\"https:\/\/www.zirvematbaa.com\/en\/dogru-kagit-ve-baski-teknigi-nasil-secilir\/\" title=\"Permalink to Do\u011fru Ka\u011f\u0131t ve Bask\u0131 Tekni\u011fi Nas\u0131l Se\u00e7ilir?\">How to Choose the Right Paper and Printing Technique?<\/a>\r\n\t<\/h4>\r\n<\/div><!-- Entry Title -->\r\n<!-- Entry Button --><div class=\"entry-button wdt-core-button\"><a href=\"https:\/\/www.zirvematbaa.com\/en\/dogru-kagit-ve-baski-teknigi-nasil-secilir\/\" title=\"How to Choose the Right Paper and Printing Technique?\" class=\"wdt-button\">Read More<span>\r\n\t\t\t<svg xmlns=\"http:\/\/www.w3.org\/2000\/svg\" xmlns:xlink=\"http:\/\/www.w3.org\/1999\/xlink\" x=\"0px\" y=\"0px\" viewbox=\"0 0 100 100\" style=\"enable-background:new 0 0 100 100;\" xml:space=\"preserve\">\r\n\t\t\t\t<path d=\"M7.4,99c-1.6,0-3.3-0.6-4.5-1.9c-2.5-2.5-2.5-6.6,0-9.1L88,2.9c2.5-2.5,6.6-2.5,9.1,0c2.5,2.5,2.5,6.6,0,9.1\t\t\t\t\tL12,97.1C10.7,98.4,9.1,99,7.4,99z\"\/>\r\n\t\t\t\t<path d=\"M92.5,82.4c-3.5,0-6.4-2.9-6.4-6.4V13.9H24c-3.5,0-6.4-2.9-6.4-6.4c0-3.5,2.9-6.4,6.4-6.4h68.5\t\t\t\t\tc3.5,0,6.4,2.9,6.4,6.4V76C98.9,79.5,96,82.4,92.5,82.4L92.5,82.4z\"\/>\r\n\t\t\t<\/svg><\/span><\/a><\/div><!-- Entry Button --><\/article><\/div><div class=\"entry-grid-layout wdt-simple-style wdt-scaleout-hover wdt-default-overlay alignleft column wdt-one-half wdt-post-entry\"><article id=\"post-1258\" class=\"post-1258 post type-post status-publish format-standard has-post-thumbnail hentry category-haberler blog-entry\">\r\n\r\n\r\n\t<!-- Featured Image -->\r\n\t<div class=\"entry-thumb\">\r\n\t\t\r\n<a href=\"https:\/\/www.zirvematbaa.com\/en\/profesyonel-matbaa-surecleri-nelerdir\/\" title=\"Permalink to Profesyonel Matbaa S\u00fcre\u00e7leri Nelerdir?\"><img loading=\"lazy\" decoding=\"async\" width=\"1000\" height=\"600\" src=\"https:\/\/www.zirvematbaa.com\/wp-content\/uploads\/2023\/10\/blog-1.jpg\" class=\"attachment-wdt-blog-ii-column size-wdt-blog-ii-column wp-post-image\" alt=\"\" srcset=\"https:\/\/www.zirvematbaa.com\/wp-content\/uploads\/2023\/10\/blog-1.jpg 1000w, https:\/\/www.zirvematbaa.com\/wp-content\/uploads\/2023\/10\/blog-1-300x180.jpg 300w, https:\/\/www.zirvematbaa.com\/wp-content\/uploads\/2023\/10\/blog-1-768x461.jpg 768w, https:\/\/www.zirvematbaa.com\/wp-content\/uploads\/2023\/10\/blog-1-18x12.jpg 18w\" sizes=\"(max-width: 1000px) 100vw, 1000px\" \/><\/a>\r\n        <\/div><!-- Featured Image -->\r\n<!-- Entry Date -->\r\n<div class=\"entry-date\">\r\n\t<i class=\"wdticon-calendar\"> <\/i>\r\n\t06\/01\/2026<\/div><!-- Entry Date -->\r\n<!-- Entry Categories -->\r\n<div class=\"entry-categories\"><a href=\"https:\/\/www.zirvematbaa.com\/en\/category\/haberler\/\" style=\"color:\">News<\/a><\/div><!-- Entry Categories -->\r\n<!-- Entry Title -->\r\n<div class=\"entry-title\">\r\n\t<h4>    \t<a href=\"https:\/\/www.zirvematbaa.com\/en\/profesyonel-matbaa-surecleri-nelerdir\/\" title=\"Permalink to Profesyonel Matbaa S\u00fcre\u00e7leri Nelerdir?\">What Are Professional Printing Processes?<\/a>\r\n\t<\/h4>\r\n<\/div><!-- Entry Title -->\r\n<!-- Entry Button --><div class=\"entry-button wdt-core-button\"><a href=\"https:\/\/www.zirvematbaa.com\/en\/profesyonel-matbaa-surecleri-nelerdir\/\" title=\"What Are Professional Printing Processes?\" class=\"wdt-button\">Read More<span>\r\n\t\t\t<svg xmlns=\"http:\/\/www.w3.org\/2000\/svg\" xmlns:xlink=\"http:\/\/www.w3.org\/1999\/xlink\" x=\"0px\" y=\"0px\" viewbox=\"0 0 100 100\" style=\"enable-background:new 0 0 100 100;\" xml:space=\"preserve\">\r\n\t\t\t\t<path d=\"M7.4,99c-1.6,0-3.3-0.6-4.5-1.9c-2.5-2.5-2.5-6.6,0-9.1L88,2.9c2.5-2.5,6.6-2.5,9.1,0c2.5,2.5,2.5,6.6,0,9.1\t\t\t\t\tL12,97.1C10.7,98.4,9.1,99,7.4,99z\"\/>\r\n\t\t\t\t<path d=\"M92.5,82.4c-3.5,0-6.4-2.9-6.4-6.4V13.9H24c-3.5,0-6.4-2.9-6.4-6.4c0-3.5,2.9-6.4,6.4-6.4h68.5\t\t\t\t\tc3.5,0,6.4,2.9,6.4,6.4V76C98.9,79.5,96,82.4,92.5,82.4L92.5,82.4z\"\/>\r\n\t\t\t<\/svg><\/span><\/a><\/div><!-- Entry Button --><\/article><\/div><\/div><div class=\"pagination blog-pagination\"><\/div><\/div>\t\t\t\t<\/div>\n\t\t\t\t<\/div>\n\t\t\t\t\t<\/div>\n\t\t<\/div>\n\t\t\t\t\t<\/div>\n\t\t<\/section>\n\t\t\t\t<\/div>","protected":false},"excerpt":{"rendered":"<p>Aug 31 Uncategorized Compellingly leverage others world-class. Read More Aug 31 Uncategorized Authoritatively parallel task excellent. Read More Aug 31 Uncategorized Dynamically re-engineer virtual leadership. Read More Jul 31 Uncategorized Contrary to popular belief, Lorem-Ipsum is not simply random text. Read More Jun 30 Uncategorized Hello world! Read More<\/p>","protected":false},"author":1,"featured_media":0,"parent":0,"menu_order":0,"comment_status":"closed","ping_status":"closed","template":"","meta":{"footnotes":""},"class_list":["post-69","page","type-page","status-publish","hentry","blog-entry","format-standard"],"_links":{"self":[{"href":"https:\/\/www.zirvematbaa.com\/en\/wp-json\/wp\/v2\/pages\/69","targetHints":{"allow":["GET"]}}],"collection":[{"href":"https:\/\/www.zirvematbaa.com\/en\/wp-json\/wp\/v2\/pages"}],"about":[{"href":"https:\/\/www.zirvematbaa.com\/en\/wp-json\/wp\/v2\/types\/page"}],"author":[{"embeddable":true,"href":"https:\/\/www.zirvematbaa.com\/en\/wp-json\/wp\/v2\/users\/1"}],"replies":[{"embeddable":true,"href":"https:\/\/www.zirvematbaa.com\/en\/wp-json\/wp\/v2\/comments?post=69"}],"version-history":[{"count":1,"href":"https:\/\/www.zirvematbaa.com\/en\/wp-json\/wp\/v2\/pages\/69\/revisions"}],"predecessor-version":[{"id":1742,"href":"https:\/\/www.zirvematbaa.com\/en\/wp-json\/wp\/v2\/pages\/69\/revisions\/1742"}],"wp:attachment":[{"href":"https:\/\/www.zirvematbaa.com\/en\/wp-json\/wp\/v2\/media?parent=69"}],"curies":[{"name":"wp","href":"https:\/\/api.w.org\/{rel}","templated":true}]}}